{"id":4697,"date":"2020-08-09T07:28:05","date_gmt":"2020-08-09T07:28:05","guid":{"rendered":"https:\/\/snoopplanet.de\/?page_id=4697"},"modified":"2024-10-20T14:51:57","modified_gmt":"2024-10-20T14:51:57","slug":"bezugsquellen","status":"publish","type":"page","link":"https:\/\/naturundgeist.de\/?page_id=4697","title":{"rendered":"Bezugsquellen"},"content":{"rendered":"<p><span style=\"font-family: Verdana; font-size: large;\">Bezugsquellen<\/span><\/p>\n<p><a href=\"https:\/\/www.sunday.de\/\">Sunday natural<\/a><\/p>\n<p>&nbsp;<\/p>\n<p><span style=\"font-family: Verdana; font-size: large;\">Heilpflanzen<\/span><\/p>\n<p><span style=\"font-family: Verdana; font-size: large;\"><a href=\"http:\/\/www.kraeuterschulte.de\/\"><span style=\"font-size: medium;\">Kr\u00e4uter Schulte<\/span><\/a><br \/>\n<\/span><\/p>\n<p><span style=\"font-family: Verdana; font-size: medium;\"><a href=\"http:\/\/www.kraeutergarten-muenchen.de\/index.html\"><br \/>\nhttp:\/\/www.kraeutergarten-muenchen.de\/index.html<\/a><\/span><\/p>\n<p><a href=\"https:\/\/www.meine-teemischung.de\/\">meine teemischung<\/a><\/p>\n<p>&nbsp;<\/p>\n<p><span style=\"font-family: Verdana; font-size: large;\">TCM<\/span><\/p>\n<p><a href=\"https:\/\/herbasinica.de\/de\/\">HerbaSinica<\/a><\/p>\n<p>&nbsp;<\/p>\n<p><a href=\"https:\/\/www.meine-teemischung.de\/\">meine teemischung<\/a><\/p>\n<p>meine teemischung geh\u00f6rt nicht der tcm-apo an, da sie keine Granulate, Tabletten und Dekokte, Konzentrate und Pillen herstellt, erf\u00fcllt aber alle ihre Qualit\u00e4tsmerkmale.<\/p>\n<p>&nbsp;<\/p>\n<p><span style=\"font-family: Verdana; font-size: medium;\"><a href=\"http:\/\/www.tcm-apo.de\/index.php%3FSCREEN%3Dmitgliedliste&amp;menue1%3Dm3&amp;menue2%3D14\">tcm-apo<\/a><br \/>\n<\/span><\/p>\n<p>Aus dieser Liste:<\/p>\n<p>Kronen Apotheke Wuppertal<\/p>\n<p><a href=\"https:\/\/www.kronen-apotheke-wuppertal.de\/\">https:\/\/www.kronen-apotheke-wuppertal.de\/<\/a><\/p>\n<p>&nbsp;<\/p>\n<p><span style=\"font-family: Verdana; font-size: medium;\">\u00a0<\/span><\/p>\n<p><span style=\"font-family: Verdana; font-size: medium;\">\u00a0<\/span><\/p>\n","protected":false},"excerpt":{"rendered":"<p>Bezugsquellen Sunday natural &nbsp; Heilpflanzen Kr\u00e4uter Schulte http:\/\/www.kraeutergarten-muenchen.de\/index.html meine teemischung &nbsp; TCM HerbaSinica &nbsp; meine teemischung meine teemischung geh\u00f6rt nicht der tcm-apo an, da sie keine Granulate, Tabletten und Dekokte, Konzentrate und Pillen herstellt, erf\u00fcllt aber alle ihre Qualit\u00e4tsmerkmale. &nbsp; tcm-apo Aus dieser Liste: Kronen Apotheke Wuppertal https:\/\/www.kronen-apotheke-wuppertal.de\/ &nbsp; \u00a0 \u00a0<\/p>\n","protected":false},"author":1,"featured_media":0,"parent":0,"menu_order":0,"comment_status":"closed","ping_status":"closed","template":"","meta":{"footnotes":""},"class_list":["post-4697","page","type-page","status-publish","hentry"],"_links":{"self":[{"href":"https:\/\/naturundgeist.de\/index.php?rest_route=\/wp\/v2\/pages\/4697","targetHints":{"allow":["GET"]}}],"collection":[{"href":"https:\/\/naturundgeist.de\/index.php?rest_route=\/wp\/v2\/pages"}],"about":[{"href":"https:\/\/naturundgeist.de\/index.php?rest_route=\/wp\/v2\/types\/page"}],"author":[{"embeddable":true,"href":"https:\/\/naturundgeist.de\/index.php?rest_route=\/wp\/v2\/users\/1"}],"replies":[{"embeddable":true,"href":"https:\/\/naturundgeist.de\/index.php?rest_route=%2Fwp%2Fv2%2Fcomments&post=4697"}],"version-history":[{"count":1,"href":"https:\/\/naturundgeist.de\/index.php?rest_route=\/wp\/v2\/pages\/4697\/revisions"}],"predecessor-version":[{"id":37616,"href":"https:\/\/naturundgeist.de\/index.php?rest_route=\/wp\/v2\/pages\/4697\/revisions\/37616"}],"wp:attachment":[{"href":"https:\/\/naturundgeist.de\/index.php?rest_route=%2Fwp%2Fv2%2Fmedia&parent=4697"}],"curies":[{"name":"wp","href":"https:\/\/api.w.org\/{rel}","templated":true}]}}